{"id":9,"date":"2026-03-13T15:44:30","date_gmt":"2026-03-13T15:44:30","guid":{"rendered":"http:\/\/www.tiyatrokale.com\/?page_id=9"},"modified":"2026-04-22T01:05:24","modified_gmt":"2026-04-22T01:05:24","slug":"ana-sayfa","status":"publish","type":"page","link":"http:\/\/www.tiyatrokale.com\/","title":{"rendered":"ANA SAYFA"},"content":{"rendered":"\t\t<div data-elementor-type=\"wp-page\" data-elementor-id=\"9\" class=\"elementor elementor-9\">\n\t\t\t\t<div class=\"elementor-element elementor-element-5c2144c e-con-full e-flex e-con e-parent\" data-id=\"5c2144c\" data-element_type=\"container\" data-e-type=\"container\" data-settings=\"{&quot;background_background&quot;:&quot;classic&quot;}\">\n\t\t\t\t<div class=\"elementor-element elementor-element-83bfe50 elementor-arrows-position-inside elementor-pagination-position-outside elementor-widget elementor-widget-image-carousel\" data-id=\"83bfe50\" data-element_type=\"widget\" data-e-type=\"widget\" data-settings=\"{&quot;speed&quot;:5000,&quot;navigation&quot;:&quot;both&quot;,&quot;autoplay&quot;:&quot;yes&quot;,&quot;pause_on_hover&quot;:&quot;yes&quot;,&quot;pause_on_interaction&quot;:&quot;yes&quot;,&quot;autoplay_speed&quot;:5000,&quot;infinite&quot;:&quot;yes&quot;}\" data-widget_type=\"image-carousel.default\">\n\t\t\t\t\t\t\t<div class=\"elementor-image-carousel-wrapper swiper\" role=\"region\" aria-roledescription=\"carousel\" aria-label=\"Resim D\u00f6ng\u00fcs\u00fc\" dir=\"ltr\">\n\t\t\t<div class=\"elementor-image-carousel swiper-wrapper swiper-image-stretch\" aria-live=\"off\">\n\t\t\t\t\t\t\t\t<div class=\"swiper-slide\" role=\"group\" aria-roledescription=\"slide\" aria-label=\"1 \/ 7\"><figure class=\"swiper-slide-inner\"><img decoding=\"async\" class=\"swiper-slide-image\" src=\"http:\/\/www.tiyatrokale.com\/wp-content\/uploads\/2026\/04\/Arkadasim-Karim-Olunca-Afis-Kunyeli-web.png\" alt=\"Arkada\u015f\u0131m Kar\u0131m Olunca Afi\u015f K\u00fcnyeli web\" \/><\/figure><\/div><div class=\"swiper-slide\" role=\"group\" aria-roledescription=\"slide\" aria-label=\"2 \/ 7\"><figure class=\"swiper-slide-inner\"><img decoding=\"async\" class=\"swiper-slide-image\" src=\"http:\/\/www.tiyatrokale.com\/wp-content\/uploads\/2026\/03\/Oteki-Kapi-Afis-Web-sitesi-icin-1.jpg\" alt=\"\u00d6teki Kap\u0131 Afi\u015f Web sitesi i\u00e7in 1\" \/><\/figure><\/div><div class=\"swiper-slide\" role=\"group\" aria-roledescription=\"slide\" aria-label=\"3 \/ 7\"><figure class=\"swiper-slide-inner\"><img decoding=\"async\" class=\"swiper-slide-image\" src=\"http:\/\/www.tiyatrokale.com\/wp-content\/uploads\/2026\/03\/Evlilik-vesiyetnemesi-Afis-Web-sitesi-icin-1.jpg\" alt=\"Evlilik vesiyetnemesi Afi\u015f Web sitesi i\u00e7in 1\" \/><\/figure><\/div><div class=\"swiper-slide\" role=\"group\" aria-roledescription=\"slide\" aria-label=\"4 \/ 7\"><figure class=\"swiper-slide-inner\"><img decoding=\"async\" class=\"swiper-slide-image\" src=\"http:\/\/www.tiyatrokale.com\/wp-content\/uploads\/2026\/04\/Garip-Bir-Oyun-Afis-111-2026.png\" alt=\"Garip Bir Oyun Afi\u015f 111 2026\" \/><\/figure><\/div><div class=\"swiper-slide\" role=\"group\" aria-roledescription=\"slide\" aria-label=\"5 \/ 7\"><figure class=\"swiper-slide-inner\"><img decoding=\"async\" class=\"swiper-slide-image\" src=\"http:\/\/www.tiyatrokale.com\/wp-content\/uploads\/2026\/04\/Ayi-Yogi-Dik-Gormat-2026-YN.jpg\" alt=\"Ay\u0131 Yogi Dik Gormat 2026 YN\" \/><\/figure><\/div><div class=\"swiper-slide\" role=\"group\" aria-roledescription=\"slide\" aria-label=\"6 \/ 7\"><figure class=\"swiper-slide-inner\"><img decoding=\"async\" class=\"swiper-slide-image\" src=\"http:\/\/www.tiyatrokale.com\/wp-content\/uploads\/2026\/04\/Mavi-Gezegenden-Gelen-Misafirler-Afis-25022026.jpg\" alt=\"Mavi Gezegenden Gelen Misafirler Afi\u015f 25022026\" \/><\/figure><\/div><div class=\"swiper-slide\" role=\"group\" aria-roledescription=\"slide\" aria-label=\"7 \/ 7\"><figure class=\"swiper-slide-inner\"><img decoding=\"async\" class=\"swiper-slide-image\" src=\"http:\/\/www.tiyatrokale.com\/wp-content\/uploads\/2026\/04\/Curuk-DEfine-Afis-2026.jpg\" alt=\"\u00c7\u00fcr\u00fck DEfine Afi\u015f 2026\" \/><\/figure><\/div>\t\t\t<\/div>\n\t\t\t\t\t\t\t\t\t\t\t\t<div class=\"elementor-swiper-button elementor-swiper-button-prev\" role=\"button\" tabindex=\"0\">\n\t\t\t\t\t\t<svg aria-hidden=\"true\" class=\"e-font-icon-svg e-eicon-chevron-left\" viewBox=\"0 0 1000 1000\" xmlns=\"http:\/\/www.w3.org\/2000\/svg\"><path d=\"M646 125C629 125 613 133 604 142L308 442C296 454 292 471 292 487 292 504 296 521 308 533L604 854C617 867 629 875 646 875 663 875 679 871 692 858 704 846 713 829 713 812 713 796 708 779 692 767L438 487 692 225C700 217 708 204 708 187 708 171 704 154 692 142 675 129 663 125 646 125Z\"><\/path><\/svg>\t\t\t\t\t<\/div>\n\t\t\t\t\t<div class=\"elementor-swiper-button elementor-swiper-button-next\" role=\"button\" tabindex=\"0\">\n\t\t\t\t\t\t<svg aria-hidden=\"true\" class=\"e-font-icon-svg e-eicon-chevron-right\" viewBox=\"0 0 1000 1000\" xmlns=\"http:\/\/www.w3.org\/2000\/svg\"><path d=\"M696 533C708 521 713 504 713 487 713 471 708 454 696 446L400 146C388 133 375 125 354 125 338 125 325 129 313 142 300 154 292 171 292 187 292 204 296 221 308 233L563 492 304 771C292 783 288 800 288 817 288 833 296 850 308 863 321 871 338 875 354 875 371 875 388 867 400 854L696 533Z\"><\/path><\/svg>\t\t\t\t\t<\/div>\n\t\t\t\t\n\t\t\t\t\t\t\t\t\t<div class=\"swiper-pagination\"><\/div>\n\t\t\t\t\t\t\t\t\t<\/div>\n\t\t\t\t\t\t<\/div>\n\t\t\t\t<div class=\"elementor-element elementor-element-236609c elementor-widget elementor-widget-html\" data-id=\"236609c\" data-element_type=\"widget\" data-e-type=\"widget\" data-widget_type=\"html.default\">\n\t\t\t\t\t<div style=\"text-align: center; margin-top: 5px; width: 100%;\">\r\n    <div style=\"background: rgba(0,0,0,0.6); padding: 4px 8px; border-radius: 20px; display: inline-flex; align-items: center; gap: 5px; width: auto; border: 1px solid rgba(255,255,255,0.15);\">\r\n        \r\n        <audio id=\"tiyatroMuzik\" loop controlsList=\"nodownload\" preload=\"auto\">\r\n            <source src=\"http:\/\/www.tiyatrokale.com\/wp-content\/uploads\/2026\/04\/Web-sitesi-icin-muzik-1.mp3\" type=\"audio\/mpeg\">\r\n        <\/audio>\r\n\r\n        <button onclick=\"togglePlay()\" id=\"playBtn\" style=\"background: none; border: none; color: white; cursor: pointer; font-size: 12px; padding: 0; width: 20px;\">\u25b6<\/button>\r\n        \r\n        <input type=\"range\" id=\"volumeSlider\" min=\"0\" max=\"1\" step=\"0.05\" value=\"0.3\" style=\"cursor: pointer; width: 50px; height: 2px; accent-color: #fff; outline: none;\">\r\n        \r\n        <span id=\"volIcon\" style=\"color: white; font-size: 10px; opacity: 0.7;\">\ud83d\udd0a<\/span>\r\n    <\/div>\r\n\r\n    <script>\r\n        var audio = document.getElementById(\"tiyatroMuzik\");\r\n        var playBtn = document.getElementById(\"playBtn\");\r\n        var volumeSlider = document.getElementById(\"volumeSlider\");\r\n\r\n        audio.volume = 0.3;\r\n\r\n        \/\/ TIYATRO H\u0130LES\u0130: Ziyaret\u00e7i sayfada herhangi bir yere dokundu\u011fu an m\u00fczik patlar!\r\n        function autoStart() {\r\n            audio.play().then(() => {\r\n                playBtn.innerHTML = \"\u23f8\";\r\n                \/\/ Bir kez \u00e7al\u0131\u015ft\u0131ktan sonra bu dinleyicileri kald\u0131r\u0131yoruz ki i\u015flemciyi yormas\u0131n\r\n                window.removeEventListener('click', autoStart);\r\n                window.removeEventListener('scroll', autoStart);\r\n                window.removeEventListener('touchstart', autoStart);\r\n            }).catch(e => console.log(\"Etkile\u015fim bekleniyor...\"));\r\n        }\r\n\r\n        \/\/ Ziyaret\u00e7i t\u0131klad\u0131\u011f\u0131nda, kayd\u0131rd\u0131\u011f\u0131nda veya dokundu\u011funda m\u00fczi\u011fi ba\u015flat\r\n        window.addEventListener('click', autoStart);\r\n        window.addEventListener('scroll', autoStart);\r\n        window.addEventListener('touchstart', autoStart);\r\n\r\n        volumeSlider.addEventListener(\"input\", function() {\r\n            audio.volume = volumeSlider.value;\r\n        });\r\n\r\n        function togglePlay() {\r\n            if (audio.paused) {\r\n                audio.play();\r\n                playBtn.innerHTML = \"\u23f8\";\r\n            } else {\r\n                audio.pause();\r\n                playBtn.innerHTML = \"\u25b6\";\r\n            }\r\n        }\r\n    <\/script>\r\n<\/div>\t\t\t\t<\/div>\n\t\t\t\t<\/div>\n\t\t<div class=\"elementor-element elementor-element-25657c2 e-flex e-con-boxed e-con e-parent\" data-id=\"25657c2\" data-element_type=\"container\" data-e-type=\"container\">\n\t\t\t\t\t<div class=\"e-con-inner\">\n\t\t\t\t\t<\/div>\n\t\t\t\t<\/div>\n\t\t<div class=\"elementor-element elementor-element-5d11b34 e-flex e-con-boxed e-con e-parent\" data-id=\"5d11b34\" data-element_type=\"container\" data-e-type=\"container\">\n\t\t\t\t\t<div class=\"e-con-inner\">\n\t\t\t\t\t<\/div>\n\t\t\t\t<\/div>\n\t\t<div class=\"elementor-element elementor-element-a7c72d8 e-flex e-con-boxed e-con e-parent\" data-id=\"a7c72d8\" data-element_type=\"container\" data-e-type=\"container\">\n\t\t\t\t\t<div class=\"e-con-inner\">\n\t\t\t\t\t<\/div>\n\t\t\t\t<\/div>\n\t\t\t\t<\/div>\n\t\t","protected":false},"excerpt":{"rendered":"<p>\u25b6 \ud83d\udd0a<\/p>\n","protected":false},"author":1,"featured_media":0,"parent":0,"menu_order":0,"comment_status":"closed","ping_status":"closed","template":"","meta":{"site-sidebar-layout":"no-sidebar","site-content-layout":"","ast-site-content-layout":"full-width-container","site-content-style":"default","site-sidebar-style":"default","ast-global-header-display":"","ast-banner-title-visibility":"","ast-main-header-display":"","ast-hfb-above-header-display":"","ast-hfb-below-header-display":"","ast-hfb-mobile-header-display":"","site-post-title":"","ast-breadcrumbs-content":"","ast-featured-img":"disabled","footer-sml-layout":"","ast-disable-related-posts":"","theme-transparent-header-meta":"","adv-header-id-meta":"","stick-header-meta":"","header-above-stick-meta":"","header-main-stick-meta":"","header-below-stick-meta":"","astra-migrate-meta-layouts":"default","ast-page-background-enabled":"default","ast-page-background-meta":{"desktop":{"background-color":"var(--ast-global-color-5)","background-image":"","background-repeat":"repeat","background-position":"center center","background-size":"auto","background-attachment":"scroll","background-type":"","background-media":"","overlay-type":"","overlay-color":"","overlay-opacity":"","overlay-gradient":""},"tablet":{"background-color":"","background-image":"","background-repeat":"repeat","background-position":"center center","background-size":"auto","background-attachment":"scroll","background-type":"","background-media":"","overlay-type":"","overlay-color":"","overlay-opacity":"","overlay-gradient":""},"mobile":{"background-color":"","background-image":"","background-repeat":"repeat","background-position":"center center","background-size":"auto","background-attachment":"scroll","background-type":"","background-media":"","overlay-type":"","overlay-color":"","overlay-opacity":"","overlay-gradient":""}},"ast-content-background-meta":{"desktop":{"background-color":"var(--ast-global-color-4)","background-image":"","background-repeat":"repeat","background-position":"center center","background-size":"auto","background-attachment":"scroll","background-type":"","background-media":"","overlay-type":"","overlay-color":"","overlay-opacity":"","overlay-gradient":""},"tablet":{"background-color":"var(--ast-global-color-4)","background-image":"","background-repeat":"repeat","background-position":"center center","background-size":"auto","background-attachment":"scroll","background-type":"","background-media":"","overlay-type":"","overlay-color":"","overlay-opacity":"","overlay-gradient":""},"mobile":{"background-color":"var(--ast-global-color-4)","background-image":"","background-repeat":"repeat","background-position":"center center","background-size":"auto","background-attachment":"scroll","background-type":"","background-media":"","overlay-type":"","overlay-color":"","overlay-opacity":"","overlay-gradient":""}},"footnotes":""},"class_list":["post-9","page","type-page","status-publish","hentry"],"_links":{"self":[{"href":"http:\/\/www.tiyatrokale.com\/index.php?rest_route=\/wp\/v2\/pages\/9","targetHints":{"allow":["GET"]}}],"collection":[{"href":"http:\/\/www.tiyatrokale.com\/index.php?rest_route=\/wp\/v2\/pages"}],"about":[{"href":"http:\/\/www.tiyatrokale.com\/index.php?rest_route=\/wp\/v2\/types\/page"}],"author":[{"embeddable":true,"href":"http:\/\/www.tiyatrokale.com\/index.php?rest_route=\/wp\/v2\/users\/1"}],"replies":[{"embeddable":true,"href":"http:\/\/www.tiyatrokale.com\/index.php?rest_route=%2Fwp%2Fv2%2Fcomments&post=9"}],"version-history":[{"count":56,"href":"http:\/\/www.tiyatrokale.com\/index.php?rest_route=\/wp\/v2\/pages\/9\/revisions"}],"predecessor-version":[{"id":326,"href":"http:\/\/www.tiyatrokale.com\/index.php?rest_route=\/wp\/v2\/pages\/9\/revisions\/326"}],"wp:attachment":[{"href":"http:\/\/www.tiyatrokale.com\/index.php?rest_route=%2Fwp%2Fv2%2Fmedia&parent=9"}],"curies":[{"name":"wp","href":"https:\/\/api.w.org\/{rel}","templated":true}]}}