{"id":336,"date":"2026-04-24T23:37:43","date_gmt":"2026-04-24T23:37:43","guid":{"rendered":"http:\/\/www.tiyatrokale.com\/?page_id=336"},"modified":"2026-04-24T23:50:58","modified_gmt":"2026-04-24T23:50:58","slug":"hakkimizda","status":"publish","type":"page","link":"http:\/\/www.tiyatrokale.com\/?page_id=336","title":{"rendered":"HAKKIMIZDA"},"content":{"rendered":"\t\t<div data-elementor-type=\"wp-page\" data-elementor-id=\"336\" class=\"elementor elementor-336\">\n\t\t\t\t<div class=\"elementor-element elementor-element-ff9af69 e-flex e-con-boxed e-con e-parent\" data-id=\"ff9af69\" data-element_type=\"container\" data-e-type=\"container\">\n\t\t\t\t\t<div class=\"e-con-inner\">\n\t\t<div class=\"elementor-element elementor-element-ede8d47 e-con-full e-flex e-con e-child\" data-id=\"ede8d47\" data-element_type=\"container\" data-e-type=\"container\">\n\t\t\t\t<div class=\"elementor-element elementor-element-5763257 elementor-widget elementor-widget-heading\" data-id=\"5763257\" data-element_type=\"widget\" data-e-type=\"widget\" data-widget_type=\"heading.default\">\n\t\t\t\t\t<h2 class=\"elementor-heading-title elementor-size-default\">Misyonumuz<\/h2>\t\t\t\t<\/div>\n\t\t\t\t<div class=\"elementor-element elementor-element-7a59e0b elementor-widget elementor-widget-text-editor\" data-id=\"7a59e0b\" data-element_type=\"widget\" data-e-type=\"widget\" data-widget_type=\"text-editor.default\">\n\t\t\t\t\t\t\t\t\t<p>Tiyatro bir okuldur&#8221; d\u00fc\u015f\u00fcncesine inanarak, toplumun aynas\u0131 olmay\u0131 hedefliyoruz. Haz\u0131rlad\u0131\u011f\u0131m\u0131z oyunlarla izleyicilerimizi e\u011flendirirken kendi yans\u0131malar\u0131n\u0131 g\u00f6rmelerini sa\u011flamak; g\u00fcld\u00fcr\u00fcrken d\u00fc\u015f\u00fcnd\u00fcren, sanata de\u011fer veren kurumlarla el ele vererek sanat\u0131 toplumun her kesimiyle payla\u015fmak en temel g\u00f6revimizdir.<\/p>\t\t\t\t\t\t\t\t<\/div>\n\t\t\t\t<\/div>\n\t\t<div class=\"elementor-element elementor-element-f46143e e-con-full e-flex e-con e-child\" data-id=\"f46143e\" data-element_type=\"container\" data-e-type=\"container\">\n\t\t\t\t<div class=\"elementor-element elementor-element-ddccc44 elementor-widget elementor-widget-heading\" data-id=\"ddccc44\" data-element_type=\"widget\" data-e-type=\"widget\" data-widget_type=\"heading.default\">\n\t\t\t\t\t<h2 class=\"elementor-heading-title elementor-size-default\">Vizyonumuz<\/h2>\t\t\t\t<\/div>\n\t\t\t\t<div class=\"elementor-element elementor-element-0465568 elementor-widget elementor-widget-text-editor\" data-id=\"0465568\" data-element_type=\"widget\" data-e-type=\"widget\" data-widget_type=\"text-editor.default\">\n\t\t\t\t\t\t\t\t\t<p>Sanat\u0131n &#8220;sanat i\u00e7in mi&#8221; yoksa &#8220;toplum i\u00e7in mi&#8221; oldu\u011fu tart\u0131\u015fmalar\u0131n\u0131n \u00f6tesine ge\u00e7erek, tiyatroyu ya\u015fayan, \u00f6\u011freten ve d\u00f6n\u00fc\u015ft\u00fcren bir g\u00f6steri sanat\u0131 olarak gelece\u011fe ta\u015f\u0131makt\u0131r. Tiyatro KALE Sanat Merkezi olarak, evrensel de\u011ferlerle donat\u0131lm\u0131\u015f, e\u011fitici ve kaliteli yap\u0131mlarla tiyatro sanat\u0131n\u0131n geli\u015fimine \u00f6nc\u00fcl\u00fck etmeyi vizyon ediniyoruz.<\/p>\t\t\t\t\t\t\t\t<\/div>\n\t\t\t\t<\/div>\n\t\t\t\t\t<\/div>\n\t\t\t\t<\/div>\n\t\t\t\t<\/div>\n\t\t","protected":false},"excerpt":{"rendered":"<p>Misyonumuz Tiyatro bir okuldur&#8221; d\u00fc\u015f\u00fcncesine inanarak, toplumun aynas\u0131 olmay\u0131 hedefliyoruz. Haz\u0131rlad\u0131\u011f\u0131m\u0131z oyunlarla izleyicilerimizi e\u011flendirirken kendi yans\u0131malar\u0131n\u0131 g\u00f6rmelerini sa\u011flamak; g\u00fcld\u00fcr\u00fcrken d\u00fc\u015f\u00fcnd\u00fcren, [&hellip;]<\/p>\n","protected":false},"author":2,"featured_media":0,"parent":0,"menu_order":0,"comment_status":"closed","ping_status":"closed","template":"","meta":{"site-sidebar-layout":"no-sidebar","site-content-layout":"","ast-site-content-layout":"full-width-container","site-content-style":"default","site-sidebar-style":"default","ast-global-header-display":"","ast-banner-title-visibility":"","ast-main-header-display":"","ast-hfb-above-header-display":"","ast-hfb-below-header-display":"","ast-hfb-mobile-header-display":"","site-post-title":"","ast-breadcrumbs-content":"","ast-featured-img":"disabled","footer-sml-layout":"","ast-disable-related-posts":"","theme-transparent-header-meta":"","adv-header-id-meta":"","stick-header-meta":"","header-above-stick-meta":"","header-main-stick-meta":"","header-below-stick-meta":"","astra-migrate-meta-layouts":"default","ast-page-background-enabled":"default","ast-page-background-meta":{"desktop":{"background-color":"var(--ast-global-color-5)","background-image":"","background-repeat":"repeat","background-position":"center center","background-size":"auto","background-attachment":"scroll","background-type":"","background-media":"","overlay-type":"","overlay-color":"","overlay-opacity":"","overlay-gradient":""},"tablet":{"background-color":"","background-image":"","background-repeat":"repeat","background-position":"center center","background-size":"auto","background-attachment":"scroll","background-type":"","background-media":"","overlay-type":"","overlay-color":"","overlay-opacity":"","overlay-gradient":""},"mobile":{"background-color":"","background-image":"","background-repeat":"repeat","background-position":"center center","background-size":"auto","background-attachment":"scroll","background-type":"","background-media":"","overlay-type":"","overlay-color":"","overlay-opacity":"","overlay-gradient":""}},"ast-content-background-meta":{"desktop":{"background-color":"var(--ast-global-color-4)","background-image":"","background-repeat":"repeat","background-position":"center center","background-size":"auto","background-attachment":"scroll","background-type":"","background-media":"","overlay-type":"","overlay-color":"","overlay-opacity":"","overlay-gradient":""},"tablet":{"background-color":"var(--ast-global-color-4)","background-image":"","background-repeat":"repeat","background-position":"center center","background-size":"auto","background-attachment":"scroll","background-type":"","background-media":"","overlay-type":"","overlay-color":"","overlay-opacity":"","overlay-gradient":""},"mobile":{"background-color":"var(--ast-global-color-4)","background-image":"","background-repeat":"repeat","background-position":"center center","background-size":"auto","background-attachment":"scroll","background-type":"","background-media":"","overlay-type":"","overlay-color":"","overlay-opacity":"","overlay-gradient":""}},"footnotes":""},"class_list":["post-336","page","type-page","status-publish","hentry"],"_links":{"self":[{"href":"http:\/\/www.tiyatrokale.com\/index.php?rest_route=\/wp\/v2\/pages\/336","targetHints":{"allow":["GET"]}}],"collection":[{"href":"http:\/\/www.tiyatrokale.com\/index.php?rest_route=\/wp\/v2\/pages"}],"about":[{"href":"http:\/\/www.tiyatrokale.com\/index.php?rest_route=\/wp\/v2\/types\/page"}],"author":[{"embeddable":true,"href":"http:\/\/www.tiyatrokale.com\/index.php?rest_route=\/wp\/v2\/users\/2"}],"replies":[{"embeddable":true,"href":"http:\/\/www.tiyatrokale.com\/index.php?rest_route=%2Fwp%2Fv2%2Fcomments&post=336"}],"version-history":[{"count":4,"href":"http:\/\/www.tiyatrokale.com\/index.php?rest_route=\/wp\/v2\/pages\/336\/revisions"}],"predecessor-version":[{"id":341,"href":"http:\/\/www.tiyatrokale.com\/index.php?rest_route=\/wp\/v2\/pages\/336\/revisions\/341"}],"wp:attachment":[{"href":"http:\/\/www.tiyatrokale.com\/index.php?rest_route=%2Fwp%2Fv2%2Fmedia&parent=336"}],"curies":[{"name":"wp","href":"https:\/\/api.w.org\/{rel}","templated":true}]}}