{"id":31,"date":"2026-03-13T21:12:18","date_gmt":"2026-03-13T21:12:18","guid":{"rendered":"http:\/\/www.tiyatrokale.com\/?page_id=31"},"modified":"2026-04-14T22:41:00","modified_gmt":"2026-04-14T22:41:00","slug":"cocuk-oyunlarimiz","status":"publish","type":"page","link":"http:\/\/www.tiyatrokale.com\/?page_id=31","title":{"rendered":"\u00c7ocuk Oyunlar\u0131m\u0131z"},"content":{"rendered":"\t\t<div data-elementor-type=\"wp-page\" data-elementor-id=\"31\" class=\"elementor elementor-31\">\n\t\t\t\t<div class=\"elementor-element elementor-element-76abd96 e-flex e-con-boxed e-con e-parent\" data-id=\"76abd96\" data-element_type=\"container\" data-e-type=\"container\">\n\t\t\t\t\t<div class=\"e-con-inner\">\n\t\t<div class=\"elementor-element elementor-element-260c8fe e-con-full e-flex e-con e-child\" data-id=\"260c8fe\" data-element_type=\"container\" data-e-type=\"container\">\n\t\t\t\t<div class=\"elementor-element elementor-element-a5b7e2a elementor-widget elementor-widget-image\" data-id=\"a5b7e2a\" data-element_type=\"widget\" data-e-type=\"widget\" data-widget_type=\"image.default\">\n\t\t\t\t\t\t\t\t\t\t\t\t\t\t\t<img fetchpriority=\"high\" decoding=\"async\" width=\"687\" height=\"1024\" src=\"http:\/\/www.tiyatrokale.com\/wp-content\/uploads\/2026\/04\/Ayi-Yogi-Dik-Gormat-2026-YN-687x1024.jpg\" class=\"attachment-large size-large wp-image-297\" alt=\"\" srcset=\"http:\/\/www.tiyatrokale.com\/wp-content\/uploads\/2026\/04\/Ayi-Yogi-Dik-Gormat-2026-YN-687x1024.jpg 687w, http:\/\/www.tiyatrokale.com\/wp-content\/uploads\/2026\/04\/Ayi-Yogi-Dik-Gormat-2026-YN-201x300.jpg 201w, http:\/\/www.tiyatrokale.com\/wp-content\/uploads\/2026\/04\/Ayi-Yogi-Dik-Gormat-2026-YN-768x1145.jpg 768w, http:\/\/www.tiyatrokale.com\/wp-content\/uploads\/2026\/04\/Ayi-Yogi-Dik-Gormat-2026-YN.jpg 848w\" sizes=\"(max-width: 687px) 100vw, 687px\" \/>\t\t\t\t\t\t\t\t\t\t\t\t\t\t\t<\/div>\n\t\t\t\t<\/div>\n\t\t<div class=\"elementor-element elementor-element-23057ae e-con-full e-flex e-con e-child\" data-id=\"23057ae\" data-element_type=\"container\" data-e-type=\"container\">\n\t\t\t\t<div class=\"elementor-element elementor-element-f9b37d0 elementor-widget elementor-widget-heading\" data-id=\"f9b37d0\" data-element_type=\"widget\" data-e-type=\"widget\" data-widget_type=\"heading.default\">\n\t\t\t\t\t<h1 class=\"elementor-heading-title elementor-size-default\">\u201cAYI YOG\u0130\u201d<\/h1>\t\t\t\t<\/div>\n\t\t\t\t<div class=\"elementor-element elementor-element-371d26f elementor-widget elementor-widget-heading\" data-id=\"371d26f\" data-element_type=\"widget\" data-e-type=\"widget\" data-widget_type=\"heading.default\">\n\t\t\t\t\t<h3 class=\"elementor-heading-title elementor-size-default\">M\u00dcZ\u0130KL\u0130 \u00c7OCUK OYUNU<\/h3>\t\t\t\t<\/div>\n\t\t\t\t<div class=\"elementor-element elementor-element-ea13fe7 elementor-widget elementor-widget-heading\" data-id=\"ea13fe7\" data-element_type=\"widget\" data-e-type=\"widget\" data-widget_type=\"heading.default\">\n\t\t\t\t\t<h3 class=\"elementor-heading-title elementor-size-default\">OYUN \u00d6ZET\u0130<\/h3>\t\t\t\t<\/div>\n\t\t\t\t<div class=\"elementor-element elementor-element-e54ac85 elementor-widget elementor-widget-text-editor\" data-id=\"e54ac85\" data-element_type=\"widget\" data-e-type=\"widget\" data-widget_type=\"text-editor.default\">\n\t\t\t\t\t\t\t\t\t<p>Mutlu bir \u015fekilde hayatlar\u0131n\u0131 s\u00fcrd\u00fcren hayvanlar, ormanlar\u0131na davetsiz bir misafirin geldi\u011fini \u00f6\u011frenir.<\/p><p>\u00a0 Bu davetsiz misafir, hayvanlar\u0131n \u00e7ok sevdi\u011fi arkada\u015flar\u0131 Ay\u0131 Yoginin pe\u015fine d\u00fc\u015fer. T\u00fcm hayvan dostlar\u0131m\u0131z birlik olarak avc\u0131ya (davetsiz misafir) iyi bir ders vermeye koyulur ve \u00f6nce avc\u0131n\u0131n k\u00f6pe\u011fi Ho\u015fho\u015fu kendi yanlar\u0131na \u00e7ekerler. Avc\u0131n\u0131n hayvan dostlardan edinece\u011fi derslerle oyunumuz hem e\u011flenceli hem de e\u011fitici \u015fekilde devam eder.<\/p>\t\t\t\t\t\t\t\t<\/div>\n\t\t\t\t<div class=\"elementor-element elementor-element-e82bd87 elementor-widget elementor-widget-heading\" data-id=\"e82bd87\" data-element_type=\"widget\" data-e-type=\"widget\" data-widget_type=\"heading.default\">\n\t\t\t\t\t<h3 class=\"elementor-heading-title elementor-size-default\">Verdi\u011fi mesajlar\n<\/h3>\t\t\t\t<\/div>\n\t\t\t\t<div class=\"elementor-element elementor-element-0bd2e0d elementor-widget elementor-widget-text-editor\" data-id=\"0bd2e0d\" data-element_type=\"widget\" data-e-type=\"widget\" data-widget_type=\"text-editor.default\">\n\t\t\t\t\t\t\t\t\t<p><b>Arkada\u015fl\u0131\u011f\u0131n, hayvan ve Orman sevgisinin \u00f6nemi<\/b>;<\/p><p><b>Sevginin, dostlu\u011fun t\u00fcm k\u00f6t\u00fcl\u00fckleri yenebilece\u011fini<\/b><\/p><p><b>Sevginin silahlar\u0131 yenebilece\u011fi;<\/b><\/p><p><b>Sava\u015f\u0131n y\u0131k\u0131c\u0131, bar\u0131\u015f\u0131n yap\u0131c\u0131 oldu\u011fu<\/b><\/p>\t\t\t\t\t\t\t\t<\/div>\n\t\t\t\t<div class=\"elementor-element elementor-element-5e1169e elementor-widget elementor-widget-text-editor\" data-id=\"5e1169e\" data-element_type=\"widget\" data-e-type=\"widget\" data-widget_type=\"text-editor.default\">\n\t\t\t\t\t\t\t\t\t<p><u><b>KARAKTERLER<\/b><\/u><\/p><p><b>AYI YOG\u0130, <\/b><b>AVCI, <\/b><b>TAV\u015eAN, <\/b><b>KELEBEK, <\/b><b>HO\u015eHO\u015e (K\u00f6pek)<\/b><\/p>\t\t\t\t\t\t\t\t<\/div>\n\t\t\t\t<\/div>\n\t\t\t\t\t<\/div>\n\t\t\t\t<\/div>\n\t\t<div class=\"elementor-element elementor-element-6329e9f e-flex e-con-boxed e-con e-parent\" data-id=\"6329e9f\" data-element_type=\"container\" data-e-type=\"container\">\n\t\t\t\t\t<div class=\"e-con-inner\">\n\t\t<div class=\"elementor-element elementor-element-eb42433 e-con-full e-flex e-con e-child\" data-id=\"eb42433\" data-element_type=\"container\" data-e-type=\"container\">\n\t\t\t\t<div class=\"elementor-element elementor-element-d541cb9 elementor-widget elementor-widget-image\" data-id=\"d541cb9\" data-element_type=\"widget\" data-e-type=\"widget\" data-widget_type=\"image.default\">\n\t\t\t\t\t\t\t\t\t\t\t\t\t\t\t<img decoding=\"async\" width=\"687\" height=\"1024\" src=\"http:\/\/www.tiyatrokale.com\/wp-content\/uploads\/2026\/04\/Mavi-Gezegenden-Gelen-Misafirler-Afis-25022026-687x1024.jpg\" class=\"attachment-large size-large wp-image-298\" alt=\"\" srcset=\"http:\/\/www.tiyatrokale.com\/wp-content\/uploads\/2026\/04\/Mavi-Gezegenden-Gelen-Misafirler-Afis-25022026-687x1024.jpg 687w, http:\/\/www.tiyatrokale.com\/wp-content\/uploads\/2026\/04\/Mavi-Gezegenden-Gelen-Misafirler-Afis-25022026-201x300.jpg 201w, http:\/\/www.tiyatrokale.com\/wp-content\/uploads\/2026\/04\/Mavi-Gezegenden-Gelen-Misafirler-Afis-25022026-768x1145.jpg 768w, http:\/\/www.tiyatrokale.com\/wp-content\/uploads\/2026\/04\/Mavi-Gezegenden-Gelen-Misafirler-Afis-25022026.jpg 848w\" sizes=\"(max-width: 687px) 100vw, 687px\" \/>\t\t\t\t\t\t\t\t\t\t\t\t\t\t\t<\/div>\n\t\t\t\t<\/div>\n\t\t<div class=\"elementor-element elementor-element-0454941 e-con-full e-flex e-con e-child\" data-id=\"0454941\" data-element_type=\"container\" data-e-type=\"container\">\n\t\t\t\t<div class=\"elementor-element elementor-element-b745b30 elementor-widget elementor-widget-heading\" data-id=\"b745b30\" data-element_type=\"widget\" data-e-type=\"widget\" data-widget_type=\"heading.default\">\n\t\t\t\t\t<h3 class=\"elementor-heading-title elementor-size-default\">\u201cMAV\u0130 GEZEGENDEN GELEN M\u0130SAF\u0130RLER\u201d\n<\/h3>\t\t\t\t<\/div>\n\t\t\t\t<div class=\"elementor-element elementor-element-f0d0e37 elementor-widget elementor-widget-heading\" data-id=\"f0d0e37\" data-element_type=\"widget\" data-e-type=\"widget\" data-widget_type=\"heading.default\">\n\t\t\t\t\t<h4 class=\"elementor-heading-title elementor-size-default\">M\u00dcZ\u0130KL\u0130 \u00c7OCUK OYUNU\n\n<\/h4>\t\t\t\t<\/div>\n\t\t\t\t<div class=\"elementor-element elementor-element-dd1208c elementor-widget elementor-widget-heading\" data-id=\"dd1208c\" data-element_type=\"widget\" data-e-type=\"widget\" data-widget_type=\"heading.default\">\n\t\t\t\t\t<h4 class=\"elementor-heading-title elementor-size-default\">OYUN \u00d6ZET\u0130\n\n<\/h4>\t\t\t\t<\/div>\n\t\t\t\t<div class=\"elementor-element elementor-element-a3c146d elementor-widget elementor-widget-text-editor\" data-id=\"a3c146d\" data-element_type=\"widget\" data-e-type=\"widget\" data-widget_type=\"text-editor.default\">\n\t\t\t\t\t\t\t\t\t<p>Ye\u015fim, abur cuburlar\u0131 \u00e7ok sevdi\u011fi i\u00e7in okula yitmeyip, parkta tek ba\u015f\u0131na oyun\u00a0oynar. Yine b\u00f6yle bir g\u00fcn Ye\u015fim, parkta oynay\u0131p, \u015feker yerken s\u0131n\u0131f\u00a0arkada\u015f\u0131yla kar\u015f\u0131la\u015f\u0131r, Ye\u015fim\u2019i okula gelmesi i\u00e7in ikna etmeye\u00a0\u00e7al\u0131\u015f\u0131r. Ye\u015fim, arkada\u015f\u0131n\u0131n teklifini birlikte oyun oynamak \u015fart\u0131yla kabul eder ve oyuna ba\u015flarlar. Ye\u015fim, yorgunluktan pakta uyuyakal\u0131r.<\/p><p>Bu esnada garip g\u00f6r\u00fcn\u00fc\u015fl\u00fc iki uzayl\u0131 gelir. Biri sakar ve komik, di\u011feri ak\u0131ll\u0131 ve uyan\u0131kt\u0131r. Uzayl\u0131lar\u0131n ya\u015fad\u0131klar\u0131 yerde \u015feker azalm\u0131\u015f ve bu y\u00fczden d\u00fcnyaya\u00a0\u015feker aramaya gelmi\u015flerdir. Ye\u015fim&#8217;in \u015feker yedi\u011fini g\u00f6r\u00fcnce ondan yard\u0131m isterler.<\/p><p>Acaba bizler i\u00e7in faydas\u0131 olmayan \u015feyleri ba\u015fkalar\u0131n\u0131n ya\u015famlar\u0131 i\u00e7in \u00e7ok gerekli olmas\u0131na ra\u011fmen t\u00fcketmekten vazge\u00e7emez miyiz ki? \u0130ki farkl\u0131 gezegenden gelenlerin kar\u015f\u0131la\u015fmas\u0131yla devam eden oyunumuzda olaylar \u00e7ok ilgin\u00e7 ve bir o kadar da e\u011flenceli haliyle devam eder.<\/p>\t\t\t\t\t\t\t\t<\/div>\n\t\t\t\t<div class=\"elementor-element elementor-element-845ef65 elementor-widget elementor-widget-text-editor\" data-id=\"845ef65\" data-element_type=\"widget\" data-e-type=\"widget\" data-widget_type=\"text-editor.default\">\n\t\t\t\t\t\t\t\t\t<p><u><b>VERD\u0130\u011e\u0130 MESAJLAR<\/b><\/u><\/p><p><b>OKUL SEVG\u0130S\u0130, <\/b><b>ARKADA\u015eLI\u011eIN \u00d6NEM\u0130; <\/b><b>D\u00dcZENL\u0130 BESLENME ALI\u015eKANLI\u011eI; <\/b><b>A\u011eIZ VE D\u0130\u015e SA\u011eLI\u011eININ \u00d6NEM\u0130<\/b><b>.<\/b><\/p>\t\t\t\t\t\t\t\t<\/div>\n\t\t\t\t<div class=\"elementor-element elementor-element-7a3bc90 elementor-widget elementor-widget-text-editor\" data-id=\"7a3bc90\" data-element_type=\"widget\" data-e-type=\"widget\" data-widget_type=\"text-editor.default\">\n\t\t\t\t\t\t\t\t\t<p><u><b>KARAKTERLER<\/b><\/u><\/p><p><b>UFUK &amp; CEREN (\u00c7OCUK),\u00a0<\/b><b style=\"font-style: inherit;\">YE\u015e\u0130M ( \u00c7OCUK),<\/b><b style=\"font-style: inherit;\">\u00a0 (1.UZAYLI),<\/b><b style=\"font-style: inherit;\">\u00a0(2.UZAYLI)<\/b><\/p>\t\t\t\t\t\t\t\t<\/div>\n\t\t\t\t<div class=\"elementor-element elementor-element-aad992c elementor-widget elementor-widget-heading\" data-id=\"aad992c\" data-element_type=\"widget\" data-e-type=\"widget\" data-widget_type=\"heading.default\">\n\t\t\t\t\t<h4 class=\"elementor-heading-title elementor-size-default\">YAZAN &amp; Y\u00d6NETEN:\nKayhan KABAN\n<\/h4>\t\t\t\t<\/div>\n\t\t\t\t<\/div>\n\t\t\t\t\t<\/div>\n\t\t\t\t<\/div>\n\t\t<div class=\"elementor-element elementor-element-b6393a0 e-flex e-con-boxed e-con e-parent\" data-id=\"b6393a0\" data-element_type=\"container\" data-e-type=\"container\">\n\t\t\t\t\t<div class=\"e-con-inner\">\n\t\t<div class=\"elementor-element elementor-element-894da64 e-con-full e-flex e-con e-child\" data-id=\"894da64\" data-element_type=\"container\" data-e-type=\"container\">\n\t\t\t\t<div class=\"elementor-element elementor-element-60d754c elementor-widget elementor-widget-image\" data-id=\"60d754c\" data-element_type=\"widget\" data-e-type=\"widget\" data-widget_type=\"image.default\">\n\t\t\t\t\t\t\t\t\t\t\t\t\t\t\t<img decoding=\"async\" width=\"683\" height=\"1024\" src=\"http:\/\/www.tiyatrokale.com\/wp-content\/uploads\/2026\/04\/Curuk-DEfine-Afis-2026-683x1024.jpg\" class=\"attachment-large size-large wp-image-299\" alt=\"\" srcset=\"http:\/\/www.tiyatrokale.com\/wp-content\/uploads\/2026\/04\/Curuk-DEfine-Afis-2026-683x1024.jpg 683w, http:\/\/www.tiyatrokale.com\/wp-content\/uploads\/2026\/04\/Curuk-DEfine-Afis-2026-200x300.jpg 200w, http:\/\/www.tiyatrokale.com\/wp-content\/uploads\/2026\/04\/Curuk-DEfine-Afis-2026-768x1152.jpg 768w, http:\/\/www.tiyatrokale.com\/wp-content\/uploads\/2026\/04\/Curuk-DEfine-Afis-2026.jpg 1024w\" sizes=\"(max-width: 683px) 100vw, 683px\" \/>\t\t\t\t\t\t\t\t\t\t\t\t\t\t\t<\/div>\n\t\t\t\t<\/div>\n\t\t<div class=\"elementor-element elementor-element-f45c24a e-con-full e-flex e-con e-child\" data-id=\"f45c24a\" data-element_type=\"container\" data-e-type=\"container\">\n\t\t\t\t<div class=\"elementor-element elementor-element-f72257f elementor-widget elementor-widget-heading\" data-id=\"f72257f\" data-element_type=\"widget\" data-e-type=\"widget\" data-widget_type=\"heading.default\">\n\t\t\t\t\t<h3 class=\"elementor-heading-title elementor-size-default\">\u201c\u00c7\u00dcR\u00dcK DEF\u0130NE\u201d\n<\/h3>\t\t\t\t<\/div>\n\t\t\t\t<div class=\"elementor-element elementor-element-67b9be6 elementor-widget elementor-widget-heading\" data-id=\"67b9be6\" data-element_type=\"widget\" data-e-type=\"widget\" data-widget_type=\"heading.default\">\n\t\t\t\t\t<h4 class=\"elementor-heading-title elementor-size-default\">M\u00dcZ\u0130KL\u0130 \u00c7OCUK OYUNU\n<\/h4>\t\t\t\t<\/div>\n\t\t\t\t<div class=\"elementor-element elementor-element-08c896f elementor-widget elementor-widget-heading\" data-id=\"08c896f\" data-element_type=\"widget\" data-e-type=\"widget\" data-widget_type=\"heading.default\">\n\t\t\t\t\t<h4 class=\"elementor-heading-title elementor-size-default\">OYUN \u00d6ZET\u0130\n<\/h4>\t\t\t\t<\/div>\n\t\t\t\t<div class=\"elementor-element elementor-element-8b77075 elementor-widget elementor-widget-text-editor\" data-id=\"8b77075\" data-element_type=\"widget\" data-e-type=\"widget\" data-widget_type=\"text-editor.default\">\n\t\t\t\t\t\t\t\t\t<p>Sevgi isimli karakterimizin babas\u0131 y\u0131llar \u00f6nce kendi dikti\u011fi a\u011fa\u00e7tan toplad\u0131\u011f\u0131 meyveleri bir sand\u0131\u011fa koyarak g\u00f6mer ve sand\u0131\u011f\u0131 g\u00f6md\u00fc\u011f\u00fc yeri unutmamak i\u00e7in bir harita \u00e7izer. Y\u0131llar sonra bu haritas\u0131 iki \u015fa\u015fk\u0131n defineci arkada\u015f\u0131n eline ge\u00e7er.<\/p><p>Bu iki kafadar define bulma umudu ile hemen i\u015fe koyulurlar ve haritada i\u015faretlenen sand\u0131\u011f\u0131n g\u00f6m\u00fcl\u00fc oldu\u011fu bah\u00e7eye gelirler. Ancak bu bah\u00e7e Sevgi\u2019nin ninesinin bah\u00e7esidir. Kafadarlar\u0131n, ninesinin bah\u00e7esine a\u011fa\u00e7 dikmeye gelen Sevgi ve bah\u00e7enin korkulu\u011fu Has\u0131r \u015eapka ile kar\u015f\u0131la\u015fmas\u0131yla i\u015fler ilgin\u00e7 ve komik bir h\u00e2l al\u0131r.<\/p>\t\t\t\t\t\t\t\t<\/div>\n\t\t\t\t<div class=\"elementor-element elementor-element-7a5702d elementor-widget elementor-widget-text-editor\" data-id=\"7a5702d\" data-element_type=\"widget\" data-e-type=\"widget\" data-widget_type=\"text-editor.default\">\n\t\t\t\t\t\t\t\t\t<p><u><b>VERD\u0130\u011e\u0130 MESAJLAR<\/b><\/u><\/p><p><b>\u00c7al\u0131\u015farak kazan\u00e7 elde etmenin en b\u00fcy\u00fck hazine oldu\u011fu,<\/b><\/p><p><b>ba\u015fkas\u0131na ait olan yere izinsiz girmenin yanl\u0131\u015f oldu\u011fu,<\/b><\/p><p><b>do\u011fa ve a\u011fa\u00e7 sevgisi.<\/b><\/p>\t\t\t\t\t\t\t\t<\/div>\n\t\t\t\t<div class=\"elementor-element elementor-element-a3ef8d0 elementor-widget elementor-widget-text-editor\" data-id=\"a3ef8d0\" data-element_type=\"widget\" data-e-type=\"widget\" data-widget_type=\"text-editor.default\">\n\t\t\t\t\t\t\t\t\t<p><u><b>KARAKTERLER<\/b><\/u><\/p><p><b>Sevgi ( \u00c7ocuk)<\/b><\/p><p><b>Tonton Nine<\/b><\/p><p><b>1.Defineci (Mustafa)<\/b><\/p><p><b>2.Defineci (S\u00fcleyman)<\/b><\/p><p><b>Korkuluk<\/b><\/p>\t\t\t\t\t\t\t\t<\/div>\n\t\t\t\t<div class=\"elementor-element elementor-element-77e43b4 elementor-widget elementor-widget-heading\" data-id=\"77e43b4\" data-element_type=\"widget\" data-e-type=\"widget\" data-widget_type=\"heading.default\">\n\t\t\t\t\t<h4 class=\"elementor-heading-title elementor-size-default\">YAZAN &amp; Y\u00d6NETEN:\nKayhan KABAN\n<\/h4>\t\t\t\t<\/div>\n\t\t\t\t<\/div>\n\t\t\t\t\t<\/div>\n\t\t\t\t<\/div>\n\t\t\t\t<\/div>\n\t\t","protected":false},"excerpt":{"rendered":"<p>\u201cAYI YOG\u0130\u201d M\u00dcZ\u0130KL\u0130 \u00c7OCUK OYUNU OYUN \u00d6ZET\u0130 Mutlu bir \u015fekilde hayatlar\u0131n\u0131 s\u00fcrd\u00fcren hayvanlar, ormanlar\u0131na davetsiz bir misafirin geldi\u011fini \u00f6\u011frenir. \u00a0 [&hellip;]<\/p>\n","protected":false},"author":1,"featured_media":0,"parent":0,"menu_order":0,"comment_status":"closed","ping_status":"closed","template":"","meta":{"site-sidebar-layout":"no-sidebar","site-content-layout":"","ast-site-content-layout":"full-width-container","site-content-style":"default","site-sidebar-style":"default","ast-global-header-display":"","ast-banner-title-visibility":"","ast-main-header-display":"","ast-hfb-above-header-display":"","ast-hfb-below-header-display":"","ast-hfb-mobile-header-display":"","site-post-title":"","ast-breadcrumbs-content":"","ast-featured-img":"disabled","footer-sml-layout":"","ast-disable-related-posts":"","theme-transparent-header-meta":"","adv-header-id-meta":"","stick-header-meta":"","header-above-stick-meta":"","header-main-stick-meta":"","header-below-stick-meta":"","astra-migrate-meta-layouts":"default","ast-page-background-enabled":"default","ast-page-background-meta":{"desktop":{"background-color":"var(--ast-global-color-5)","background-image":"","background-repeat":"repeat","background-position":"center center","background-size":"auto","background-attachment":"scroll","background-type":"","background-media":"","overlay-type":"","overlay-color":"","overlay-opacity":"","overlay-gradient":""},"tablet":{"background-color":"","background-image":"","background-repeat":"repeat","background-position":"center center","background-size":"auto","background-attachment":"scroll","background-type":"","background-media":"","overlay-type":"","overlay-color":"","overlay-opacity":"","overlay-gradient":""},"mobile":{"background-color":"","background-image":"","background-repeat":"repeat","background-position":"center center","background-size":"auto","background-attachment":"scroll","background-type":"","background-media":"","overlay-type":"","overlay-color":"","overlay-opacity":"","overlay-gradient":""}},"ast-content-background-meta":{"desktop":{"background-color":"var(--ast-global-color-4)","background-image":"","background-repeat":"repeat","background-position":"center center","background-size":"auto","background-attachment":"scroll","background-type":"","background-media":"","overlay-type":"","overlay-color":"","overlay-opacity":"","overlay-gradient":""},"tablet":{"background-color":"var(--ast-global-color-4)","background-image":"","background-repeat":"repeat","background-position":"center center","background-size":"auto","background-attachment":"scroll","background-type":"","background-media":"","overlay-type":"","overlay-color":"","overlay-opacity":"","overlay-gradient":""},"mobile":{"background-color":"var(--ast-global-color-4)","background-image":"","background-repeat":"repeat","background-position":"center center","background-size":"auto","background-attachment":"scroll","background-type":"","background-media":"","overlay-type":"","overlay-color":"","overlay-opacity":"","overlay-gradient":""}},"footnotes":""},"class_list":["post-31","page","type-page","status-publish","hentry"],"_links":{"self":[{"href":"http:\/\/www.tiyatrokale.com\/index.php?rest_route=\/wp\/v2\/pages\/31","targetHints":{"allow":["GET"]}}],"collection":[{"href":"http:\/\/www.tiyatrokale.com\/index.php?rest_route=\/wp\/v2\/pages"}],"about":[{"href":"http:\/\/www.tiyatrokale.com\/index.php?rest_route=\/wp\/v2\/types\/page"}],"author":[{"embeddable":true,"href":"http:\/\/www.tiyatrokale.com\/index.php?rest_route=\/wp\/v2\/users\/1"}],"replies":[{"embeddable":true,"href":"http:\/\/www.tiyatrokale.com\/index.php?rest_route=%2Fwp%2Fv2%2Fcomments&post=31"}],"version-history":[{"count":4,"href":"http:\/\/www.tiyatrokale.com\/index.php?rest_route=\/wp\/v2\/pages\/31\/revisions"}],"predecessor-version":[{"id":302,"href":"http:\/\/www.tiyatrokale.com\/index.php?rest_route=\/wp\/v2\/pages\/31\/revisions\/302"}],"wp:attachment":[{"href":"http:\/\/www.tiyatrokale.com\/index.php?rest_route=%2Fwp%2Fv2%2Fmedia&parent=31"}],"curies":[{"name":"wp","href":"https:\/\/api.w.org\/{rel}","templated":true}]}}