{"id":29,"date":"2026-03-13T21:11:58","date_gmt":"2026-03-13T21:11:58","guid":{"rendered":"http:\/\/www.tiyatrokale.com\/?page_id=29"},"modified":"2026-04-14T21:45:45","modified_gmt":"2026-04-14T21:45:45","slug":"genclik-oyunlarimiz","status":"publish","type":"page","link":"http:\/\/www.tiyatrokale.com\/?page_id=29","title":{"rendered":"Gen\u00e7lik Oyunlar\u0131m\u0131z"},"content":{"rendered":"\t\t<div data-elementor-type=\"wp-page\" data-elementor-id=\"29\" class=\"elementor elementor-29\">\n\t\t\t\t<div class=\"elementor-element elementor-element-1902f7c e-flex e-con-boxed e-con e-parent\" data-id=\"1902f7c\" data-element_type=\"container\" data-e-type=\"container\">\n\t\t\t\t\t<div class=\"e-con-inner\">\n\t\t<div class=\"elementor-element elementor-element-5cb82e3 e-con-full e-flex e-con e-child\" data-id=\"5cb82e3\" data-element_type=\"container\" data-e-type=\"container\">\n\t\t\t\t<div class=\"elementor-element elementor-element-57b2d22 elementor-widget elementor-widget-heading\" data-id=\"57b2d22\" data-element_type=\"widget\" data-e-type=\"widget\" data-widget_type=\"heading.default\">\n\t\t\t\t\t<h2 class=\"elementor-heading-title elementor-size-default\">Garip Bir Oyun (Gen\u00e7lik Oyunu)<\/h2>\t\t\t\t<\/div>\n\t\t\t\t<div class=\"elementor-element elementor-element-8ad0667 elementor-widget elementor-widget-image\" data-id=\"8ad0667\" data-element_type=\"widget\" data-e-type=\"widget\" data-widget_type=\"image.default\">\n\t\t\t\t\t\t\t\t\t\t\t\t\t\t\t<img fetchpriority=\"high\" decoding=\"async\" width=\"687\" height=\"1024\" src=\"http:\/\/www.tiyatrokale.com\/wp-content\/uploads\/2026\/04\/Garip-Bir-Oyun-Afis-111-2026-687x1024.png\" class=\"attachment-large size-large wp-image-292\" alt=\"\" srcset=\"http:\/\/www.tiyatrokale.com\/wp-content\/uploads\/2026\/04\/Garip-Bir-Oyun-Afis-111-2026-687x1024.png 687w, http:\/\/www.tiyatrokale.com\/wp-content\/uploads\/2026\/04\/Garip-Bir-Oyun-Afis-111-2026-201x300.png 201w, http:\/\/www.tiyatrokale.com\/wp-content\/uploads\/2026\/04\/Garip-Bir-Oyun-Afis-111-2026.png 700w\" sizes=\"(max-width: 687px) 100vw, 687px\" \/>\t\t\t\t\t\t\t\t\t\t\t\t\t\t\t<\/div>\n\t\t\t\t<\/div>\n\t\t<div class=\"elementor-element elementor-element-2431a93 e-con-full e-flex e-con e-child\" data-id=\"2431a93\" data-element_type=\"container\" data-e-type=\"container\">\n\t\t\t\t<div class=\"elementor-element elementor-element-d73392a elementor-widget elementor-widget-heading\" data-id=\"d73392a\" data-element_type=\"widget\" data-e-type=\"widget\" data-widget_type=\"heading.default\">\n\t\t\t\t\t<h1 class=\"elementor-heading-title elementor-size-default\">\u201cGAR\u0130P B\u0130R OYUN\u201d\n\n<\/h1>\t\t\t\t<\/div>\n\t\t\t\t<div class=\"elementor-element elementor-element-c1b3a3b elementor-widget elementor-widget-heading\" data-id=\"c1b3a3b\" data-element_type=\"widget\" data-e-type=\"widget\" data-widget_type=\"heading.default\">\n\t\t\t\t\t<h2 class=\"elementor-heading-title elementor-size-default\">\nGen\u00e7lik Oyunu \n<\/h2>\t\t\t\t<\/div>\n\t\t\t\t<div class=\"elementor-element elementor-element-aa1c518 elementor-widget elementor-widget-heading\" data-id=\"aa1c518\" data-element_type=\"widget\" data-e-type=\"widget\" data-widget_type=\"heading.default\">\n\t\t\t\t\t<h3 class=\"elementor-heading-title elementor-size-default\">Oyunun Konusu\n<\/h3>\t\t\t\t<\/div>\n\t\t\t\t<div class=\"elementor-element elementor-element-f2f22e8 elementor-widget elementor-widget-text-editor\" data-id=\"f2f22e8\" data-element_type=\"widget\" data-e-type=\"widget\" data-widget_type=\"text-editor.default\">\n\t\t\t\t\t\t\t\t\t<p>Oyun, interaktif bir tiyatro sporu olarak sunulan, seyirci ile birlikte sahnelenen yeni bir oyun tarz\u0131d\u0131r.<\/p><p>\u00a0 Y\u00f6netmen oyuncu adaylar\u0131n\u0131n oyunculuktaki ba\u015far\u0131lar\u0131n\u0131 anlamak i\u00e7in baz\u0131 sorular sorar ve denemeler yapmaya ba\u015flar. Oyuncu adaylar\u0131 birbirinden farkl\u0131 ve ilgin\u00e7 karakter \u00f6zelliklerine sahiptirler, birbirleriyle anla\u015famaz g\u00f6r\u00fcnt\u00fcs\u00fc verirler.<\/p><p>\u00a0 Bu durumda da adaylar birbirleriyle yar\u0131\u015f i\u00e7erisine girerler. KORKU, H\u00dcZ\u00dcN, KAHKAHA, MUTLULUK VE ROMANT\u0130ZM gibi duygu ge\u00e7i\u015fleri ve mimiklerin kullan\u0131lmas\u0131yla ilgili denemeler yap\u0131l\u0131r. Sonra seyirciler i\u00e7erisinden 4 g\u00f6n\u00fcll\u00fc se\u00e7ilerek do\u011fa\u00e7lama olarak g\u00f6n\u00fcll\u00fc seyircilerinde oynamalar\u0131 istenir. \u00c7e\u015fitli duygu ge\u00e7i\u015fleri ve mimiklerin kullan\u0131m\u0131n\u0131 deneyimlemeleri sa\u011flanarak oyun t\u00fcm dinamizmi ve enerjisiyle devam eder.<\/p><p><u><b>OYUNUN AMACI<\/b><\/u><\/p><p><b>Duygu ge\u00e7i\u015fleri ve farkl\u0131 duygular\u0131 ayn\u0131 zaman diliminde yans\u0131tabilme yetisini geli\u015ftirme olana\u011f\u0131 kazanma.<\/b><\/p><p><b>Seyirci olma duygusuyla oyuncu olma duygusunu ayn\u0131 anda ya\u015fmak.<\/b><\/p><p><b>Toplulu\u011fa kar\u015f\u0131 hitap ve kendine g\u00fcven duygusunu geli\u015ftirme.<\/b><\/p><p><b>Haz\u0131rlayan:<\/b>\u00a0Kayhan KABAN<\/p>\t\t\t\t\t\t\t\t<\/div>\n\t\t\t\t<\/div>\n\t\t\t\t\t<\/div>\n\t\t\t\t<\/div>\n\t\t\t\t<\/div>\n\t\t","protected":false},"excerpt":{"rendered":"<p>Garip Bir Oyun (Gen\u00e7lik Oyunu) \u201cGAR\u0130P B\u0130R OYUN\u201d Gen\u00e7lik Oyunu Oyunun Konusu Oyun, interaktif bir tiyatro sporu olarak sunulan, seyirci [&hellip;]<\/p>\n","protected":false},"author":1,"featured_media":0,"parent":0,"menu_order":0,"comment_status":"closed","ping_status":"closed","template":"","meta":{"site-sidebar-layout":"no-sidebar","site-content-layout":"","ast-site-content-layout":"full-width-container","site-content-style":"default","site-sidebar-style":"default","ast-global-header-display":"","ast-banner-title-visibility":"","ast-main-header-display":"","ast-hfb-above-header-display":"","ast-hfb-below-header-display":"","ast-hfb-mobile-header-display":"","site-post-title":"","ast-breadcrumbs-content":"","ast-featured-img":"disabled","footer-sml-layout":"","ast-disable-related-posts":"","theme-transparent-header-meta":"","adv-header-id-meta":"","stick-header-meta":"","header-above-stick-meta":"","header-main-stick-meta":"","header-below-stick-meta":"","astra-migrate-meta-layouts":"default","ast-page-background-enabled":"default","ast-page-background-meta":{"desktop":{"background-color":"var(--ast-global-color-5)","background-image":"","background-repeat":"repeat","background-position":"center center","background-size":"auto","background-attachment":"scroll","background-type":"","background-media":"","overlay-type":"","overlay-color":"","overlay-opacity":"","overlay-gradient":""},"tablet":{"background-color":"","background-image":"","background-repeat":"repeat","background-position":"center center","background-size":"auto","background-attachment":"scroll","background-type":"","background-media":"","overlay-type":"","overlay-color":"","overlay-opacity":"","overlay-gradient":""},"mobile":{"background-color":"","background-image":"","background-repeat":"repeat","background-position":"center center","background-size":"auto","background-attachment":"scroll","background-type":"","background-media":"","overlay-type":"","overlay-color":"","overlay-opacity":"","overlay-gradient":""}},"ast-content-background-meta":{"desktop":{"background-color":"var(--ast-global-color-4)","background-image":"","background-repeat":"repeat","background-position":"center center","background-size":"auto","background-attachment":"scroll","background-type":"","background-media":"","overlay-type":"","overlay-color":"","overlay-opacity":"","overlay-gradient":""},"tablet":{"background-color":"var(--ast-global-color-4)","background-image":"","background-repeat":"repeat","background-position":"center center","background-size":"auto","background-attachment":"scroll","background-type":"","background-media":"","overlay-type":"","overlay-color":"","overlay-opacity":"","overlay-gradient":""},"mobile":{"background-color":"var(--ast-global-color-4)","background-image":"","background-repeat":"repeat","background-position":"center center","background-size":"auto","background-attachment":"scroll","background-type":"","background-media":"","overlay-type":"","overlay-color":"","overlay-opacity":"","overlay-gradient":""}},"footnotes":""},"class_list":["post-29","page","type-page","status-publish","hentry"],"_links":{"self":[{"href":"http:\/\/www.tiyatrokale.com\/index.php?rest_route=\/wp\/v2\/pages\/29","targetHints":{"allow":["GET"]}}],"collection":[{"href":"http:\/\/www.tiyatrokale.com\/index.php?rest_route=\/wp\/v2\/pages"}],"about":[{"href":"http:\/\/www.tiyatrokale.com\/index.php?rest_route=\/wp\/v2\/types\/page"}],"author":[{"embeddable":true,"href":"http:\/\/www.tiyatrokale.com\/index.php?rest_route=\/wp\/v2\/users\/1"}],"replies":[{"embeddable":true,"href":"http:\/\/www.tiyatrokale.com\/index.php?rest_route=%2Fwp%2Fv2%2Fcomments&post=29"}],"version-history":[{"count":4,"href":"http:\/\/www.tiyatrokale.com\/index.php?rest_route=\/wp\/v2\/pages\/29\/revisions"}],"predecessor-version":[{"id":295,"href":"http:\/\/www.tiyatrokale.com\/index.php?rest_route=\/wp\/v2\/pages\/29\/revisions\/295"}],"wp:attachment":[{"href":"http:\/\/www.tiyatrokale.com\/index.php?rest_route=%2Fwp%2Fv2%2Fmedia&parent=29"}],"curies":[{"name":"wp","href":"https:\/\/api.w.org\/{rel}","templated":true}]}}