{"id":257,"date":"2026-04-10T22:56:14","date_gmt":"2026-04-10T22:56:14","guid":{"rendered":"http:\/\/www.tiyatrokale.com\/?page_id=257"},"modified":"2026-04-12T15:00:54","modified_gmt":"2026-04-12T15:00:54","slug":"arkadasim-karim-olunca","status":"publish","type":"page","link":"http:\/\/www.tiyatrokale.com\/?page_id=257","title":{"rendered":"Arkada\u015f\u0131m Kar\u0131m Olunca"},"content":{"rendered":"\t\t<div data-elementor-type=\"wp-page\" data-elementor-id=\"257\" class=\"elementor elementor-257\">\n\t\t\t\t<div class=\"elementor-element elementor-element-e014da6 e-flex e-con-boxed e-con e-parent\" data-id=\"e014da6\" data-element_type=\"container\" data-e-type=\"container\">\n\t\t\t\t\t<div class=\"e-con-inner\">\n\t\t<div class=\"elementor-element elementor-element-ecd367e e-con-full e-flex e-con e-child\" data-id=\"ecd367e\" data-element_type=\"container\" data-e-type=\"container\">\n\t\t\t\t<div class=\"elementor-element elementor-element-72758ed elementor-widget elementor-widget-image\" data-id=\"72758ed\" data-element_type=\"widget\" data-e-type=\"widget\" data-widget_type=\"image.default\">\n\t\t\t\t\t\t\t\t\t\t\t\t\t\t\t<img fetchpriority=\"high\" decoding=\"async\" width=\"681\" height=\"1024\" src=\"http:\/\/www.tiyatrokale.com\/wp-content\/uploads\/2026\/04\/Arkadasim-Karim-Olunca-Afis-Kunyeli-web-681x1024.png\" class=\"attachment-large size-large wp-image-276\" alt=\"\" srcset=\"http:\/\/www.tiyatrokale.com\/wp-content\/uploads\/2026\/04\/Arkadasim-Karim-Olunca-Afis-Kunyeli-web-681x1024.png 681w, http:\/\/www.tiyatrokale.com\/wp-content\/uploads\/2026\/04\/Arkadasim-Karim-Olunca-Afis-Kunyeli-web-200x300.png 200w, http:\/\/www.tiyatrokale.com\/wp-content\/uploads\/2026\/04\/Arkadasim-Karim-Olunca-Afis-Kunyeli-web-768x1155.png 768w, http:\/\/www.tiyatrokale.com\/wp-content\/uploads\/2026\/04\/Arkadasim-Karim-Olunca-Afis-Kunyeli-web.png 800w\" sizes=\"(max-width: 681px) 100vw, 681px\" \/>\t\t\t\t\t\t\t\t\t\t\t\t\t\t\t<\/div>\n\t\t\t\t<\/div>\n\t\t<div class=\"elementor-element elementor-element-25d6dd1 e-con-full e-flex e-con e-child\" data-id=\"25d6dd1\" data-element_type=\"container\" data-e-type=\"container\">\n\t\t\t\t<div class=\"elementor-element elementor-element-780ab40 elementor-widget elementor-widget-text-editor\" data-id=\"780ab40\" data-element_type=\"widget\" data-e-type=\"widget\" data-widget_type=\"text-editor.default\">\n\t\t\t\t\t\t\t\t\t<h3 style=\"text-align: center;\" data-path-to-node=\"4\"><b data-path-to-node=\"4\" data-index-in-node=\"0\">ARKADA\u015eIM KARIM OLUNCA<\/b><\/h3><h4 style=\"text-align: center;\" data-path-to-node=\"5\"><i data-path-to-node=\"5\" data-index-in-node=\"0\">&#8220;B\u00fcy\u00fck Beklentilerin \u0130\u00e7inden Do\u011fan Bir Karma\u015fa!&#8221;<\/i><\/h4><p data-path-to-node=\"6\">\u00a0Avukat B\u00fclent\u2019in hayat\u0131, M\u0131s\u0131r\u2019daki zengin halas\u0131n\u0131n deste\u011fiyle p\u00fcr\u00fczs\u00fcz ilerlemektedir. Ancak halas\u0131n\u0131n tek bir \u015fart\u0131 vard\u0131r: <b data-path-to-node=\"6\" data-index-in-node=\"141\">Evlenmek!<\/b> Maddi deste\u011fin kesilme tehlikesiyle kar\u015f\u0131 kar\u015f\u0131ya kalan B\u00fclent, durumu kurtarmak i\u00e7in hayali bir aile tablosu \u00e7izer.<\/p><p data-path-to-node=\"7\">Her \u015fey yolunda giderken, halas\u0131n\u0131n beklenmedik bir anda kap\u0131da belirmesiyle i\u015fler bir anda \u00e7\u0131\u011f\u0131r\u0131ndan \u00e7\u0131kar. Sad\u0131k u\u015fa\u011f\u0131 R\u0131fk\u0131 ve can dostu H\u00fcsn\u00fc\u2019n\u00fcn de dahil oldu\u011fu bu b\u00fcy\u00fck karga\u015fada, her saniye yeni bir d\u00fc\u011f\u00fcm at\u0131lmaktad\u0131r. Hi\u00e7 hesapta olmayan ziyaret\u00e7iler, birbirine kar\u0131\u015fan roller ve kontrol edilemeyen bir tempo!<\/p><p data-path-to-node=\"7\"><b data-path-to-node=\"8\" data-index-in-node=\"0\">Peki, bu kahkaha dolu karma\u015fan\u0131n sonu nas\u0131l bitecek?<\/b> <i data-path-to-node=\"8\" data-index-in-node=\"53\">Bu oyun sizi; kahkahalar\u0131n\u0131zla d\u00fc\u015f\u00fcncelerinizi harmanlamaya \u00e7a\u011f\u0131r\u0131yor!<\/i><\/p>\t\t\t\t\t\t\t\t<\/div>\n\t\t\t\t<\/div>\n\t\t\t\t\t<\/div>\n\t\t\t\t<\/div>\n\t\t<div class=\"elementor-element elementor-element-7e7c29a e-flex e-con-boxed e-con e-parent\" data-id=\"7e7c29a\" data-element_type=\"container\" data-e-type=\"container\">\n\t\t\t\t\t<div class=\"e-con-inner\">\n\t\t\t\t<div class=\"elementor-element elementor-element-17daac7 elementor-widget elementor-widget-image-gallery\" data-id=\"17daac7\" data-element_type=\"widget\" data-e-type=\"widget\" data-widget_type=\"image-gallery.default\">\n\t\t\t\t\t\t\t<div class=\"elementor-image-gallery\">\n\t\t\t<div id='gallery-1' class='gallery galleryid-257 gallery-columns-6 gallery-size-large'><figure class='gallery-item'>\n\t\t\t<div class='gallery-icon landscape'>\n\t\t\t\t<a data-elementor-open-lightbox=\"yes\" data-elementor-lightbox-slideshow=\"17daac7\" data-elementor-lightbox-title=\"A.Kar\u0131m Olunca 1\" data-e-action-hash=\"#elementor-action%3Aaction%3Dlightbox%26settings%3DeyJpZCI6MjYwLCJ1cmwiOiJodHRwOlwvXC93d3cudGl5YXRyb2thbGUuY29tXC93cC1jb250ZW50XC91cGxvYWRzXC8yMDI2XC8wNFwvQS5LYXJpbS1PbHVuY2EtMS5qcGciLCJzbGlkZXNob3ciOiIxN2RhYWM3In0%3D\" href='http:\/\/www.tiyatrokale.com\/wp-content\/uploads\/2026\/04\/A.Karim-Olunca-1.jpg'><img decoding=\"async\" width=\"1024\" height=\"722\" src=\"http:\/\/www.tiyatrokale.com\/wp-content\/uploads\/2026\/04\/A.Karim-Olunca-1-1024x722.jpg\" class=\"attachment-large size-large\" alt=\"\" srcset=\"http:\/\/www.tiyatrokale.com\/wp-content\/uploads\/2026\/04\/A.Karim-Olunca-1-1024x722.jpg 1024w, http:\/\/www.tiyatrokale.com\/wp-content\/uploads\/2026\/04\/A.Karim-Olunca-1-300x212.jpg 300w, http:\/\/www.tiyatrokale.com\/wp-content\/uploads\/2026\/04\/A.Karim-Olunca-1-768x542.jpg 768w, http:\/\/www.tiyatrokale.com\/wp-content\/uploads\/2026\/04\/A.Karim-Olunca-1-1536x1083.jpg 1536w, http:\/\/www.tiyatrokale.com\/wp-content\/uploads\/2026\/04\/A.Karim-Olunca-1-2048x1444.jpg 2048w\" sizes=\"(max-width: 1024px) 100vw, 1024px\" \/><\/a>\n\t\t\t<\/div><\/figure><figure class='gallery-item'>\n\t\t\t<div class='gallery-icon landscape'>\n\t\t\t\t<a data-elementor-open-lightbox=\"yes\" data-elementor-lightbox-slideshow=\"17daac7\" data-elementor-lightbox-title=\"A.Kar\u0131m Olunca 2\" data-e-action-hash=\"#elementor-action%3Aaction%3Dlightbox%26settings%3DeyJpZCI6MjYxLCJ1cmwiOiJodHRwOlwvXC93d3cudGl5YXRyb2thbGUuY29tXC93cC1jb250ZW50XC91cGxvYWRzXC8yMDI2XC8wNFwvQS5LYXJpbS1PbHVuY2EtMi5qcGciLCJzbGlkZXNob3ciOiIxN2RhYWM3In0%3D\" href='http:\/\/www.tiyatrokale.com\/wp-content\/uploads\/2026\/04\/A.Karim-Olunca-2.jpg'><img decoding=\"async\" width=\"1024\" height=\"722\" src=\"http:\/\/www.tiyatrokale.com\/wp-content\/uploads\/2026\/04\/A.Karim-Olunca-2-1024x722.jpg\" class=\"attachment-large size-large\" alt=\"\" srcset=\"http:\/\/www.tiyatrokale.com\/wp-content\/uploads\/2026\/04\/A.Karim-Olunca-2-1024x722.jpg 1024w, http:\/\/www.tiyatrokale.com\/wp-content\/uploads\/2026\/04\/A.Karim-Olunca-2-300x212.jpg 300w, http:\/\/www.tiyatrokale.com\/wp-content\/uploads\/2026\/04\/A.Karim-Olunca-2-768x542.jpg 768w, http:\/\/www.tiyatrokale.com\/wp-content\/uploads\/2026\/04\/A.Karim-Olunca-2-1536x1083.jpg 1536w, http:\/\/www.tiyatrokale.com\/wp-content\/uploads\/2026\/04\/A.Karim-Olunca-2-2048x1444.jpg 2048w\" sizes=\"(max-width: 1024px) 100vw, 1024px\" \/><\/a>\n\t\t\t<\/div><\/figure><figure class='gallery-item'>\n\t\t\t<div class='gallery-icon landscape'>\n\t\t\t\t<a data-elementor-open-lightbox=\"yes\" data-elementor-lightbox-slideshow=\"17daac7\" data-elementor-lightbox-title=\"A.Kar\u0131m Olunca 3\" data-e-action-hash=\"#elementor-action%3Aaction%3Dlightbox%26settings%3DeyJpZCI6MjYyLCJ1cmwiOiJodHRwOlwvXC93d3cudGl5YXRyb2thbGUuY29tXC93cC1jb250ZW50XC91cGxvYWRzXC8yMDI2XC8wNFwvQS5LYXJpbS1PbHVuY2EtMy5qcGciLCJzbGlkZXNob3ciOiIxN2RhYWM3In0%3D\" href='http:\/\/www.tiyatrokale.com\/wp-content\/uploads\/2026\/04\/A.Karim-Olunca-3.jpg'><img loading=\"lazy\" decoding=\"async\" width=\"1024\" height=\"722\" src=\"http:\/\/www.tiyatrokale.com\/wp-content\/uploads\/2026\/04\/A.Karim-Olunca-3-1024x722.jpg\" class=\"attachment-large size-large\" alt=\"\" srcset=\"http:\/\/www.tiyatrokale.com\/wp-content\/uploads\/2026\/04\/A.Karim-Olunca-3-1024x722.jpg 1024w, http:\/\/www.tiyatrokale.com\/wp-content\/uploads\/2026\/04\/A.Karim-Olunca-3-300x212.jpg 300w, http:\/\/www.tiyatrokale.com\/wp-content\/uploads\/2026\/04\/A.Karim-Olunca-3-768x542.jpg 768w, http:\/\/www.tiyatrokale.com\/wp-content\/uploads\/2026\/04\/A.Karim-Olunca-3-1536x1083.jpg 1536w, http:\/\/www.tiyatrokale.com\/wp-content\/uploads\/2026\/04\/A.Karim-Olunca-3-2048x1444.jpg 2048w\" sizes=\"(max-width: 1024px) 100vw, 1024px\" \/><\/a>\n\t\t\t<\/div><\/figure><figure class='gallery-item'>\n\t\t\t<div class='gallery-icon landscape'>\n\t\t\t\t<a data-elementor-open-lightbox=\"yes\" data-elementor-lightbox-slideshow=\"17daac7\" data-elementor-lightbox-title=\"A.Kar\u0131m Olunca 5\" data-e-action-hash=\"#elementor-action%3Aaction%3Dlightbox%26settings%3DeyJpZCI6MjY0LCJ1cmwiOiJodHRwOlwvXC93d3cudGl5YXRyb2thbGUuY29tXC93cC1jb250ZW50XC91cGxvYWRzXC8yMDI2XC8wNFwvQS5LYXJpbS1PbHVuY2EtNS5qcGciLCJzbGlkZXNob3ciOiIxN2RhYWM3In0%3D\" href='http:\/\/www.tiyatrokale.com\/wp-content\/uploads\/2026\/04\/A.Karim-Olunca-5.jpg'><img loading=\"lazy\" decoding=\"async\" width=\"1024\" height=\"722\" src=\"http:\/\/www.tiyatrokale.com\/wp-content\/uploads\/2026\/04\/A.Karim-Olunca-5-1024x722.jpg\" class=\"attachment-large size-large\" alt=\"\" srcset=\"http:\/\/www.tiyatrokale.com\/wp-content\/uploads\/2026\/04\/A.Karim-Olunca-5-1024x722.jpg 1024w, http:\/\/www.tiyatrokale.com\/wp-content\/uploads\/2026\/04\/A.Karim-Olunca-5-300x212.jpg 300w, http:\/\/www.tiyatrokale.com\/wp-content\/uploads\/2026\/04\/A.Karim-Olunca-5-768x542.jpg 768w, http:\/\/www.tiyatrokale.com\/wp-content\/uploads\/2026\/04\/A.Karim-Olunca-5-1536x1083.jpg 1536w, http:\/\/www.tiyatrokale.com\/wp-content\/uploads\/2026\/04\/A.Karim-Olunca-5-2048x1444.jpg 2048w\" sizes=\"(max-width: 1024px) 100vw, 1024px\" \/><\/a>\n\t\t\t<\/div><\/figure><figure class='gallery-item'>\n\t\t\t<div class='gallery-icon landscape'>\n\t\t\t\t<a data-elementor-open-lightbox=\"yes\" data-elementor-lightbox-slideshow=\"17daac7\" data-elementor-lightbox-title=\"A.Kar\u0131m Olunca 12\" data-e-action-hash=\"#elementor-action%3Aaction%3Dlightbox%26settings%3DeyJpZCI6MjcxLCJ1cmwiOiJodHRwOlwvXC93d3cudGl5YXRyb2thbGUuY29tXC93cC1jb250ZW50XC91cGxvYWRzXC8yMDI2XC8wNFwvQS5LYXJpbS1PbHVuY2EtMTIuanBnIiwic2xpZGVzaG93IjoiMTdkYWFjNyJ9\" href='http:\/\/www.tiyatrokale.com\/wp-content\/uploads\/2026\/04\/A.Karim-Olunca-12.jpg'><img loading=\"lazy\" decoding=\"async\" width=\"1024\" height=\"722\" src=\"http:\/\/www.tiyatrokale.com\/wp-content\/uploads\/2026\/04\/A.Karim-Olunca-12-1024x722.jpg\" class=\"attachment-large size-large\" alt=\"\" srcset=\"http:\/\/www.tiyatrokale.com\/wp-content\/uploads\/2026\/04\/A.Karim-Olunca-12-1024x722.jpg 1024w, http:\/\/www.tiyatrokale.com\/wp-content\/uploads\/2026\/04\/A.Karim-Olunca-12-300x212.jpg 300w, http:\/\/www.tiyatrokale.com\/wp-content\/uploads\/2026\/04\/A.Karim-Olunca-12-768x542.jpg 768w, http:\/\/www.tiyatrokale.com\/wp-content\/uploads\/2026\/04\/A.Karim-Olunca-12-1536x1083.jpg 1536w, http:\/\/www.tiyatrokale.com\/wp-content\/uploads\/2026\/04\/A.Karim-Olunca-12-2048x1444.jpg 2048w\" sizes=\"(max-width: 1024px) 100vw, 1024px\" \/><\/a>\n\t\t\t<\/div><\/figure><figure class='gallery-item'>\n\t\t\t<div class='gallery-icon landscape'>\n\t\t\t\t<a data-elementor-open-lightbox=\"yes\" data-elementor-lightbox-slideshow=\"17daac7\" data-elementor-lightbox-title=\"A.Kar\u0131m Olunca 8\" data-e-action-hash=\"#elementor-action%3Aaction%3Dlightbox%26settings%3DeyJpZCI6MjY3LCJ1cmwiOiJodHRwOlwvXC93d3cudGl5YXRyb2thbGUuY29tXC93cC1jb250ZW50XC91cGxvYWRzXC8yMDI2XC8wNFwvQS5LYXJpbS1PbHVuY2EtOC5qcGciLCJzbGlkZXNob3ciOiIxN2RhYWM3In0%3D\" href='http:\/\/www.tiyatrokale.com\/wp-content\/uploads\/2026\/04\/A.Karim-Olunca-8.jpg'><img loading=\"lazy\" decoding=\"async\" width=\"1024\" height=\"722\" src=\"http:\/\/www.tiyatrokale.com\/wp-content\/uploads\/2026\/04\/A.Karim-Olunca-8-1024x722.jpg\" class=\"attachment-large size-large\" alt=\"\" srcset=\"http:\/\/www.tiyatrokale.com\/wp-content\/uploads\/2026\/04\/A.Karim-Olunca-8-1024x722.jpg 1024w, http:\/\/www.tiyatrokale.com\/wp-content\/uploads\/2026\/04\/A.Karim-Olunca-8-300x212.jpg 300w, http:\/\/www.tiyatrokale.com\/wp-content\/uploads\/2026\/04\/A.Karim-Olunca-8-768x542.jpg 768w, http:\/\/www.tiyatrokale.com\/wp-content\/uploads\/2026\/04\/A.Karim-Olunca-8-1536x1083.jpg 1536w, http:\/\/www.tiyatrokale.com\/wp-content\/uploads\/2026\/04\/A.Karim-Olunca-8-2048x1444.jpg 2048w\" sizes=\"(max-width: 1024px) 100vw, 1024px\" \/><\/a>\n\t\t\t<\/div><\/figure>\n\t\t<\/div>\n\t\t<\/div>\n\t\t\t\t\t\t<\/div>\n\t\t\t\t\t<\/div>\n\t\t\t\t<\/div>\n\t\t<div class=\"elementor-element elementor-element-0940e6a e-flex e-con-boxed e-con e-parent\" data-id=\"0940e6a\" data-element_type=\"container\" data-e-type=\"container\">\n\t\t\t\t\t<div class=\"e-con-inner\">\n\t\t\t\t\t<\/div>\n\t\t\t\t<\/div>\n\t\t\t\t<\/div>\n\t\t","protected":false},"excerpt":{"rendered":"<p>ARKADA\u015eIM KARIM OLUNCA &#8220;B\u00fcy\u00fck Beklentilerin \u0130\u00e7inden Do\u011fan Bir Karma\u015fa!&#8221; \u00a0Avukat B\u00fclent\u2019in hayat\u0131, M\u0131s\u0131r\u2019daki zengin halas\u0131n\u0131n deste\u011fiyle p\u00fcr\u00fczs\u00fcz ilerlemektedir. Ancak halas\u0131n\u0131n [&hellip;]<\/p>\n","protected":false},"author":2,"featured_media":0,"parent":0,"menu_order":0,"comment_status":"closed","ping_status":"closed","template":"elementor_header_footer","meta":{"site-sidebar-layout":"no-sidebar","site-content-layout":"","ast-site-content-layout":"full-width-container","site-content-style":"default","site-sidebar-style":"default","ast-global-header-display":"","ast-banner-title-visibility":"","ast-main-header-display":"","ast-hfb-above-header-display":"","ast-hfb-below-header-display":"","ast-hfb-mobile-header-display":"","site-post-title":"","ast-breadcrumbs-content":"","ast-featured-img":"disabled","footer-sml-layout":"","ast-disable-related-posts":"","theme-transparent-header-meta":"","adv-header-id-meta":"","stick-header-meta":"","header-above-stick-meta":"","header-main-stick-meta":"","header-below-stick-meta":"","astra-migrate-meta-layouts":"default","ast-page-background-enabled":"default","ast-page-background-meta":{"desktop":{"background-color":"var(--ast-global-color-5)","background-image":"","background-repeat":"repeat","background-position":"center center","background-size":"auto","background-attachment":"scroll","background-type":"","background-media":"","overlay-type":"","overlay-color":"","overlay-opacity":"","overlay-gradient":""},"tablet":{"background-color":"","background-image":"","background-repeat":"repeat","background-position":"center center","background-size":"auto","background-attachment":"scroll","background-type":"","background-media":"","overlay-type":"","overlay-color":"","overlay-opacity":"","overlay-gradient":""},"mobile":{"background-color":"","background-image":"","background-repeat":"repeat","background-position":"center center","background-size":"auto","background-attachment":"scroll","background-type":"","background-media":"","overlay-type":"","overlay-color":"","overlay-opacity":"","overlay-gradient":""}},"ast-content-background-meta":{"desktop":{"background-color":"var(--ast-global-color-4)","background-image":"","background-repeat":"repeat","background-position":"center center","background-size":"auto","background-attachment":"scroll","background-type":"","background-media":"","overlay-type":"","overlay-color":"","overlay-opacity":"","overlay-gradient":""},"tablet":{"background-color":"var(--ast-global-color-4)","background-image":"","background-repeat":"repeat","background-position":"center center","background-size":"auto","background-attachment":"scroll","background-type":"","background-media":"","overlay-type":"","overlay-color":"","overlay-opacity":"","overlay-gradient":""},"mobile":{"background-color":"var(--ast-global-color-4)","background-image":"","background-repeat":"repeat","background-position":"center center","background-size":"auto","background-attachment":"scroll","background-type":"","background-media":"","overlay-type":"","overlay-color":"","overlay-opacity":"","overlay-gradient":""}},"footnotes":""},"class_list":["post-257","page","type-page","status-publish","hentry"],"_links":{"self":[{"href":"http:\/\/www.tiyatrokale.com\/index.php?rest_route=\/wp\/v2\/pages\/257","targetHints":{"allow":["GET"]}}],"collection":[{"href":"http:\/\/www.tiyatrokale.com\/index.php?rest_route=\/wp\/v2\/pages"}],"about":[{"href":"http:\/\/www.tiyatrokale.com\/index.php?rest_route=\/wp\/v2\/types\/page"}],"author":[{"embeddable":true,"href":"http:\/\/www.tiyatrokale.com\/index.php?rest_route=\/wp\/v2\/users\/2"}],"replies":[{"embeddable":true,"href":"http:\/\/www.tiyatrokale.com\/index.php?rest_route=%2Fwp%2Fv2%2Fcomments&post=257"}],"version-history":[{"count":8,"href":"http:\/\/www.tiyatrokale.com\/index.php?rest_route=\/wp\/v2\/pages\/257\/revisions"}],"predecessor-version":[{"id":303,"href":"http:\/\/www.tiyatrokale.com\/index.php?rest_route=\/wp\/v2\/pages\/257\/revisions\/303"}],"wp:attachment":[{"href":"http:\/\/www.tiyatrokale.com\/index.php?rest_route=%2Fwp%2Fv2%2Fmedia&parent=257"}],"curies":[{"name":"wp","href":"https:\/\/api.w.org\/{rel}","templated":true}]}}